{"id":1263,"date":"2025-06-30T18:24:35","date_gmt":"2025-06-30T18:24:35","guid":{"rendered":"https:\/\/bioprintimagens.com.br\/bioprintlp\/?page_id=1263"},"modified":"2025-06-30T18:24:35","modified_gmt":"2025-06-30T18:24:35","slug":"politica-de-privacidade","status":"publish","type":"page","link":"https:\/\/bioprintimagens.com.br\/bioprintlp\/politica-de-privacidade\/","title":{"rendered":"Pol\u00edtica de Privacidade"},"content":{"rendered":"\n<p>A <strong>Bioprint Imagens<\/strong> respeita sua privacidade. Ao preencher nossos formul\u00e1rios, voc\u00ea concorda com a coleta e uso dos dados fornecidos para fins de comunica\u00e7\u00e3o, envio de materiais informativos, apresenta\u00e7\u00e3o de solu\u00e7\u00f5es e contato comercial.<\/p>\n\n\n\n<h3 class=\"wp-block-heading\">O que coletamos:<\/h3>\n\n\n\n<ul class=\"wp-block-list\">\n<li>Nome, e-mail, telefone e demais dados inseridos voluntariamente;<\/li>\n\n\n\n<li>Informa\u00e7\u00f5es de navega\u00e7\u00e3o via cookies (como p\u00e1ginas visitadas e IP).<\/li>\n<\/ul>\n\n\n\n<h3 class=\"wp-block-heading\">Como usamos seus dados:<\/h3>\n\n\n\n<ul class=\"wp-block-list\">\n<li>Para entrar em contato com voc\u00ea;<\/li>\n\n\n\n<li>Para enviar conte\u00fados relevantes sobre nossos produtos e servi\u00e7os;<\/li>\n\n\n\n<li>Para melhorar sua experi\u00eancia em nosso site.<\/li>\n<\/ul>\n\n\n\n<p>Seus dados <strong>n\u00e3o ser\u00e3o vendidos ou repassados a terceiros<\/strong> sem sua autoriza\u00e7\u00e3o. Voc\u00ea pode, a qualquer momento, solicitar a atualiza\u00e7\u00e3o ou remo\u00e7\u00e3o de suas informa\u00e7\u00f5es de nossos registros.<\/p>\n\n\n\n<p>Para mais informa\u00e7\u00f5es ou para exercer seus direitos garantidos pela <strong>Lei Geral de Prote\u00e7\u00e3o de Dados (LGPD)<\/strong><\/p>\n","protected":false},"excerpt":{"rendered":"<p>A Bioprint Imagens respeita sua privacidade. Ao preencher nossos formul\u00e1rios, voc\u00ea concorda com a coleta e uso dos dados fornecidos para fins de comunica\u00e7\u00e3o, envio de materiais informativos, apresenta\u00e7\u00e3o de solu\u00e7\u00f5es e contato comercial. O que coletamos: Como usamos seus dados: Seus dados n\u00e3o ser\u00e3o vendidos ou repassados a terceiros sem sua autoriza\u00e7\u00e3o. Voc\u00ea pode, a qualquer momento, solicitar a atualiza\u00e7\u00e3o ou remo\u00e7\u00e3o de suas informa\u00e7\u00f5es de nossos registros. Para mais informa\u00e7\u00f5es ou para exercer seus direitos garantidos pela Lei Geral de Prote\u00e7\u00e3o de Dados (LGPD)<\/p>\n","protected":false},"author":1,"featured_media":0,"parent":0,"menu_order":0,"comment_status":"closed","ping_status":"closed","template":"","meta":{"footnotes":""},"class_list":["post-1263","page","type-page","status-publish","hentry"],"_links":{"self":[{"href":"https:\/\/bioprintimagens.com.br\/bioprintlp\/wp-json\/wp\/v2\/pages\/1263","targetHints":{"allow":["GET"]}}],"collection":[{"href":"https:\/\/bioprintimagens.com.br\/bioprintlp\/wp-json\/wp\/v2\/pages"}],"about":[{"href":"https:\/\/bioprintimagens.com.br\/bioprintlp\/wp-json\/wp\/v2\/types\/page"}],"author":[{"embeddable":true,"href":"https:\/\/bioprintimagens.com.br\/bioprintlp\/wp-json\/wp\/v2\/users\/1"}],"replies":[{"embeddable":true,"href":"https:\/\/bioprintimagens.com.br\/bioprintlp\/wp-json\/wp\/v2\/comments?post=1263"}],"version-history":[{"count":1,"href":"https:\/\/bioprintimagens.com.br\/bioprintlp\/wp-json\/wp\/v2\/pages\/1263\/revisions"}],"predecessor-version":[{"id":1264,"href":"https:\/\/bioprintimagens.com.br\/bioprintlp\/wp-json\/wp\/v2\/pages\/1263\/revisions\/1264"}],"wp:attachment":[{"href":"https:\/\/bioprintimagens.com.br\/bioprintlp\/wp-json\/wp\/v2\/media?parent=1263"}],"curies":[{"name":"wp","href":"https:\/\/api.w.org\/{rel}","templated":true}]}}